{"id":7027,"date":"2022-07-21T10:54:31","date_gmt":"2022-07-21T08:54:31","guid":{"rendered":"https:\/\/www.chillride.fr\/warenkorb\/"},"modified":"2025-05-02T12:27:13","modified_gmt":"2025-05-02T10:27:13","slug":"warenkorb","status":"publish","type":"page","link":"https:\/\/www.chillride.fr\/de\/warenkorb\/","title":{"rendered":"Warenkorb"},"content":{"rendered":"\t\t<div data-elementor-type=\"wp-page\" data-elementor-id=\"7027\" class=\"elementor elementor-7027 elementor-13\" data-elementor-post-type=\"page\">\n\t\t\t\t<div class=\"elementor-element elementor-element-06de052 e-flex e-con-boxed e-con e-parent\" data-id=\"06de052\" data-element_type=\"container\" data-e-type=\"container\">\n\t\t\t\t\t<div class=\"e-con-inner\">\n\t\t<div class=\"elementor-element elementor-element-a74226f e-con-full e-flex e-con e-child\" data-id=\"a74226f\" data-element_type=\"container\" data-e-type=\"container\">\n\t\t\t\t<div class=\"elementor-element elementor-element-f81ca21 elementor-widget elementor-widget-heading\" data-id=\"f81ca21\" data-element_type=\"widget\" data-e-type=\"widget\" data-widget_type=\"heading.default\">\n\t\t\t\t<div class=\"elementor-widget-container\">\n\t\t\t\t\t<h2 class=\"elementor-heading-title elementor-size-default\">Warenkorb<\/h2>\t\t\t\t<\/div>\n\t\t\t\t<\/div>\n\t\t\t\t<div class=\"elementor-element elementor-element-0696651 elementor-widget elementor-widget-shopengine-cart-table\" data-id=\"0696651\" data-element_type=\"widget\" data-e-type=\"widget\" data-widget_type=\"shopengine-cart-table.default\">\n\t\t\t\t<div class=\"elementor-widget-container\">\n\t\t\t\t\t<div class=\"shopengine shopengine-widget\"><\/div>\t\t\t\t<\/div>\n\t\t\t\t<\/div>\n\t\t\t\t<\/div>\n\t\t\t\t\t<\/div>\n\t\t\t\t<\/div>\n\t\t<div class=\"elementor-element elementor-element-1289839 e-flex e-con-boxed e-con e-parent\" data-id=\"1289839\" data-element_type=\"container\" data-e-type=\"container\">\n\t\t\t\t\t<div class=\"e-con-inner\">\n\t\t<div class=\"elementor-element elementor-element-9c091a5 e-con-full e-flex e-con e-child\" data-id=\"9c091a5\" data-element_type=\"container\" data-e-type=\"container\">\n\t\t\t\t<div class=\"elementor-element elementor-element-45aaeb1 elementor-widget elementor-widget-shopengine-checkout-coupon-form\" data-id=\"45aaeb1\" data-element_type=\"widget\" data-e-type=\"widget\" data-widget_type=\"shopengine-checkout-coupon-form.default\">\n\t\t\t\t<div class=\"elementor-widget-container\">\n\t\t\t\t\t<div class=\"shopengine shopengine-widget\"><\/div>\t\t\t\t<\/div>\n\t\t\t\t<\/div>\n\t\t\t\t<div class=\"elementor-element elementor-element-6ca3a17 elementor-widget elementor-widget-text-editor\" data-id=\"6ca3a17\" data-element_type=\"widget\" data-e-type=\"widget\" data-widget_type=\"text-editor.default\">\n\t\t\t\t<div class=\"elementor-widget-container\">\n\t\t\t\t\t\t\t\t\t<p>Au\u00dferhalb Europas k\u00f6nnen je nach Empfangsland Zollgeb\u00fchren anfallen.<\/p>\n\t\t\t\t\t\t\t\t<\/div>\n\t\t\t\t<\/div>\n\t\t\t\t<\/div>\n\t\t<div class=\"elementor-element elementor-element-4628357 e-con-full e-flex e-con e-child\" data-id=\"4628357\" data-element_type=\"container\" data-e-type=\"container\">\n\t\t\t\t<div class=\"elementor-element elementor-element-a27cd58 elementor-widget__width-auto elementor-widget elementor-widget-shopengine-cart-totals\" data-id=\"a27cd58\" data-element_type=\"widget\" data-e-type=\"widget\" data-widget_type=\"shopengine-cart-totals.default\">\n\t\t\t\t<div class=\"elementor-widget-container\">\n\t\t\t\t\t<div class=\"shopengine shopengine-widget\"><\/div>\t\t\t\t<\/div>\n\t\t\t\t<\/div>\n\t\t\t\t<\/div>\n\t\t\t\t\t<\/div>\n\t\t\t\t<\/div>\n\t\t\t\t<\/div>\n\t\t","protected":false},"excerpt":{"rendered":"<p>Warenkorb Produkt Preis Menge Zwischensumme Le Gilet thermo-vest &#8211; S 207,50&nbsp;&euro; &minus;&plus; quantit\u00e9 de Le Gilet thermo-vest &#8211; S 207,50&nbsp;&euro; Continuer le shopping Den Warenkorb aktualisieren Tout effacer Vous avez un code promo\u00a0? Cliquez ici pour saisir votre code Si vous avez un code promo, veuillez le saisir ci-dessous. Appliquer le code promo Au\u00dferhalb Europas [&hellip;]<\/p>\n","protected":false},"author":1,"featured_media":0,"parent":0,"menu_order":0,"comment_status":"closed","ping_status":"closed","template":"","meta":{"_acf_changed":false,"footnotes":""},"class_list":["post-7027","page","type-page","status-publish","hentry"],"acf":[],"_links":{"self":[{"href":"https:\/\/www.chillride.fr\/de\/wp-json\/wp\/v2\/pages\/7027","targetHints":{"allow":["GET"]}}],"collection":[{"href":"https:\/\/www.chillride.fr\/de\/wp-json\/wp\/v2\/pages"}],"about":[{"href":"https:\/\/www.chillride.fr\/de\/wp-json\/wp\/v2\/types\/page"}],"author":[{"embeddable":true,"href":"https:\/\/www.chillride.fr\/de\/wp-json\/wp\/v2\/users\/1"}],"replies":[{"embeddable":true,"href":"https:\/\/www.chillride.fr\/de\/wp-json\/wp\/v2\/comments?post=7027"}],"version-history":[{"count":0,"href":"https:\/\/www.chillride.fr\/de\/wp-json\/wp\/v2\/pages\/7027\/revisions"}],"wp:attachment":[{"href":"https:\/\/www.chillride.fr\/de\/wp-json\/wp\/v2\/media?parent=7027"}],"curies":[{"name":"wp","href":"https:\/\/api.w.org\/{rel}","templated":true}]}}